{"id":4500,"date":"2026-03-13T04:11:45","date_gmt":"2026-03-13T04:11:45","guid":{"rendered":"https:\/\/eclectics.shop\/?post_type=product&#038;p=4500"},"modified":"2026-03-13T04:16:31","modified_gmt":"2026-03-13T04:16:31","slug":"vitalis-nova-nad-energia-y-envejecimiento-saludable-con-trans-resveratrol-y-quercetina-90-capsulas-suplemento-fitness-alta-estimulacion","status":"publish","type":"product","link":"https:\/\/eclectics.shop\/es\/producto\/vitalis-nova-nad-energia-y-envejecimiento-saludable-con-trans-resveratrol-y-quercetina-90-capsulas-suplemento-fitness-alta-estimulacion\/","title":{"rendered":"Vitalis Nova NAD+ Energ\u00eda y Envejecimiento Saludable con Trans-Resveratrol y Quercetina 90 C\u00e1psulas Suplemento Fitness Alta Estimulaci\u00f3n"},"content":{"rendered":"<div data-elementor-type=\"product-post\" data-elementor-id=\"4500\" class=\"elementor elementor-4500\" data-elementor-post-type=\"product\">\n\t\t\t\t<div class=\"elementor-element elementor-element-2470068c e-flex e-con-boxed e-con e-parent\" data-id=\"2470068c\" data-element_type=\"container\" data-settings=\"{&quot;ekit_has_onepagescroll_dot&quot;:&quot;yes&quot;}\">\n\t\t\t\t\t<div class=\"e-con-inner\">\n\t\t\t\t<div class=\"elementor-element elementor-element-5ed8c65b elementor-widget elementor-widget-image\" data-id=\"5ed8c65b\" data-element_type=\"widget\" data-settings=\"{&quot;ekit_we_effect_on&quot;:&quot;none&quot;}\" data-widget_type=\"image.default\">\n\t\t\t\t<div class=\"elementor-widget-container\">\n\t\t\t\t\t\t\t\t\t\t\t\t\t\t\t<img fetchpriority=\"high\" decoding=\"async\" width=\"800\" height=\"533\" src=\"https:\/\/eclectics.shop\/wp-content\/uploads\/2026\/03\/freepik__retouch__82583.webp\" class=\"attachment-full size-full wp-image-4508 wvs-archive-product-image\" alt=\"\" srcset=\"https:\/\/eclectics.shop\/wp-content\/uploads\/2026\/03\/freepik__retouch__82583.webp 800w, https:\/\/eclectics.shop\/wp-content\/uploads\/2026\/03\/freepik__retouch__82583-300x200.webp 300w, https:\/\/eclectics.shop\/wp-content\/uploads\/2026\/03\/freepik__retouch__82583-768x512.webp 768w, https:\/\/eclectics.shop\/wp-content\/uploads\/2026\/03\/freepik__retouch__82583-18x12.webp 18w, https:\/\/eclectics.shop\/wp-content\/uploads\/2026\/03\/freepik__retouch__82583-110x73.webp 110w, https:\/\/eclectics.shop\/wp-content\/uploads\/2026\/03\/freepik__retouch__82583-60x40.webp 60w, https:\/\/eclectics.shop\/wp-content\/uploads\/2026\/03\/freepik__retouch__82583-600x400.webp 600w\" sizes=\"(max-width: 800px) 100vw, 800px\" \/>\t\t\t\t\t\t\t\t\t\t\t\t\t\t\t<\/div>\n\t\t\t\t<\/div>\n\t\t\t\t<div class=\"elementor-element elementor-element-324e8d5b elementor-widget elementor-widget-text-editor\" data-id=\"324e8d5b\" data-element_type=\"widget\" data-settings=\"{&quot;ekit_we_effect_on&quot;:&quot;none&quot;}\" data-widget_type=\"text-editor.default\">\n\t\t\t\t<div class=\"elementor-widget-container\">\n\t\t\t\t\t\t\t\t\t<h2 class=\"gnad-title\" style=\"text-align: center;\">NO TODOS LOS SUPLEMENTOS QUE DICEN LLAMARSE NAD FUNCIONAN<\/h2>\t\t\t\t\t\t\t\t<\/div>\n\t\t\t\t<\/div>\n\t\t\t\t<div class=\"elementor-element elementor-element-770ab282 elementor-widget elementor-widget-image\" data-id=\"770ab282\" data-element_type=\"widget\" data-settings=\"{&quot;ekit_we_effect_on&quot;:&quot;none&quot;}\" data-widget_type=\"image.default\">\n\t\t\t\t<div class=\"elementor-widget-container\">\n\t\t\t\t\t\t\t\t\t\t\t\t\t\t\t<img decoding=\"async\" width=\"800\" height=\"545\" src=\"https:\/\/eclectics.shop\/wp-content\/uploads\/2026\/03\/Diseno_sin_titulo_10.png\" class=\"attachment-full size-full wp-image-4509 wvs-archive-product-image\" alt=\"\" srcset=\"https:\/\/eclectics.shop\/wp-content\/uploads\/2026\/03\/Diseno_sin_titulo_10.png 800w, https:\/\/eclectics.shop\/wp-content\/uploads\/2026\/03\/Diseno_sin_titulo_10-300x204.png 300w, https:\/\/eclectics.shop\/wp-content\/uploads\/2026\/03\/Diseno_sin_titulo_10-768x523.png 768w, https:\/\/eclectics.shop\/wp-content\/uploads\/2026\/03\/Diseno_sin_titulo_10-18x12.png 18w, https:\/\/eclectics.shop\/wp-content\/uploads\/2026\/03\/Diseno_sin_titulo_10-110x75.png 110w, https:\/\/eclectics.shop\/wp-content\/uploads\/2026\/03\/Diseno_sin_titulo_10-60x41.png 60w, https:\/\/eclectics.shop\/wp-content\/uploads\/2026\/03\/Diseno_sin_titulo_10-600x409.png 600w\" sizes=\"(max-width: 800px) 100vw, 800px\" \/>\t\t\t\t\t\t\t\t\t\t\t\t\t\t\t<\/div>\n\t\t\t\t<\/div>\n\t\t\t\t<div class=\"elementor-element elementor-element-51108369 elementor-widget elementor-widget-text-editor\" data-id=\"51108369\" data-element_type=\"widget\" data-settings=\"{&quot;ekit_we_effect_on&quot;:&quot;none&quot;}\" data-widget_type=\"text-editor.default\">\n\t\t\t\t<div class=\"elementor-widget-container\">\n\t\t\t\t\t\t\t\t\t<h3 class=\"gnad-check-item\" style=\"text-align: center;\"><span class=\"gnad-check-text\">NAD+ m\u00e1s vendido en Tik Tok<\/span><\/h3><h3 class=\"gnad-check-item\" style=\"text-align: center;\"><span class=\"gnad-check-text\">5 componentes estrat\u00e9gicamente formulados para hacer sinergia.<\/span><\/h3><h3 class=\"gnad-check-item\" style=\"text-align: center;\"><span class=\"gnad-check-text\">100% Conservaci\u00f3n de los componentes con nuestro bote de cristal \u00e1mbar<\/span><\/h3><h3 class=\"gnad-check-item\" style=\"text-align: center;\"><span class=\"gnad-check-text\">Resultados reales y duraderos<\/span><\/h3>\t\t\t\t\t\t\t\t<\/div>\n\t\t\t\t<\/div>\n\t\t\t\t<div class=\"elementor-element elementor-element-7f2a22f4 elementor-widget elementor-widget-image\" data-id=\"7f2a22f4\" data-element_type=\"widget\" data-settings=\"{&quot;ekit_we_effect_on&quot;:&quot;none&quot;}\" data-widget_type=\"image.default\">\n\t\t\t\t<div class=\"elementor-widget-container\">\n\t\t\t\t\t\t\t\t\t\t\t\t\t\t\t<img decoding=\"async\" width=\"900\" height=\"345\" src=\"https:\/\/eclectics.shop\/wp-content\/uploads\/2026\/03\/QQ20260205-112956.png\" class=\"attachment-full size-full wp-image-4510 wvs-archive-product-image\" alt=\"\" srcset=\"https:\/\/eclectics.shop\/wp-content\/uploads\/2026\/03\/QQ20260205-112956.png 900w, https:\/\/eclectics.shop\/wp-content\/uploads\/2026\/03\/QQ20260205-112956-300x115.png 300w, https:\/\/eclectics.shop\/wp-content\/uploads\/2026\/03\/QQ20260205-112956-768x294.png 768w, https:\/\/eclectics.shop\/wp-content\/uploads\/2026\/03\/QQ20260205-112956-18x7.png 18w, https:\/\/eclectics.shop\/wp-content\/uploads\/2026\/03\/QQ20260205-112956-110x42.png 110w, https:\/\/eclectics.shop\/wp-content\/uploads\/2026\/03\/QQ20260205-112956-60x23.png 60w, https:\/\/eclectics.shop\/wp-content\/uploads\/2026\/03\/QQ20260205-112956-600x230.png 600w\" sizes=\"(max-width: 900px) 100vw, 900px\" \/>\t\t\t\t\t\t\t\t\t\t\t\t\t\t\t<\/div>\n\t\t\t\t<\/div>\n\t\t\t\t<div class=\"elementor-element elementor-element-32930b10 elementor-widget elementor-widget-text-editor\" data-id=\"32930b10\" data-element_type=\"widget\" data-settings=\"{&quot;ekit_we_effect_on&quot;:&quot;none&quot;}\" data-widget_type=\"text-editor.default\">\n\t\t\t\t<div class=\"elementor-widget-container\">\n\t\t\t\t\t\t\t\t\t<h2 class=\"te-title\" style=\"text-align: center;\">TU L\u00cdNEA DEL TIEMPO ANTIENVEJECIMIENTO<\/h2>\t\t\t\t\t\t\t\t<\/div>\n\t\t\t\t<\/div>\n\t\t\t\t<div class=\"elementor-element elementor-element-4bd9f49 elementor-widget elementor-widget-text-editor\" data-id=\"4bd9f49\" data-element_type=\"widget\" data-settings=\"{&quot;ekit_we_effect_on&quot;:&quot;none&quot;}\" data-widget_type=\"text-editor.default\">\n\t\t\t\t<div class=\"elementor-widget-container\">\n\t\t\t\t\t\t\t\t\t<h3 style=\"text-align: center;\"><span class=\"te-badge\">1 Semana<\/span><\/h3><h4 class=\"te-desc\" style=\"text-align: center;\">Puedes empezar a sentir un aumento natural de energ\u00eda mientras NAD+ empieza a restaurar los niveles agotados. Se notan menos bajones por la tarde y una reducci\u00f3n en la niebla mental.<\/h4>\t\t\t\t\t\t\t\t<\/div>\n\t\t\t\t<\/div>\n\t\t\t\t<div class=\"elementor-element elementor-element-1f40d0d4 elementor-widget elementor-widget-text-editor\" data-id=\"1f40d0d4\" data-element_type=\"widget\" data-settings=\"{&quot;ekit_we_effect_on&quot;:&quot;none&quot;}\" data-widget_type=\"text-editor.default\">\n\t\t\t\t<div class=\"elementor-widget-container\">\n\t\t\t\t\t\t\t\t\t<h3 style=\"text-align: center;\"><span class=\"te-badge\">1 Mes<\/span><\/h3><h4 class=\"te-desc\" style=\"text-align: center;\">Mayor concentraci\u00f3n, mejor sue\u00f1o, estado de \u00e1nimo m\u00e1s estable y mejora en la piel a medida que los sistemas de energ\u00eda celular se estabilizan,<\/h4>\t\t\t\t\t\t\t\t<\/div>\n\t\t\t\t<\/div>\n\t\t\t\t<div class=\"elementor-element elementor-element-61e74bd1 elementor-widget elementor-widget-text-editor\" data-id=\"61e74bd1\" data-element_type=\"widget\" data-settings=\"{&quot;ekit_we_effect_on&quot;:&quot;none&quot;}\" data-widget_type=\"text-editor.default\">\n\t\t\t\t<div class=\"elementor-widget-container\">\n\t\t\t\t\t\t\t\t\t<h3 style=\"text-align: center;\"><span class=\"te-badge\">2 Meses<\/span><\/h3><h4 class=\"te-desc\" style=\"text-align: center;\">La funci\u00f3n mitocondrial mejora y tu cuerpo se repara mejor a nivel celular. Esto significa recuperaci\u00f3n m\u00e1s r\u00e1pida, energ\u00eda m\u00e1s resistente y primeros signos antienvejecimiento (piel m\u00e1s suave, ojos brillantes, menos tensi\u00f3n)<\/h4>\t\t\t\t\t\t\t\t<\/div>\n\t\t\t\t<\/div>\n\t\t\t\t<div class=\"elementor-element elementor-element-18bc1cdd elementor-widget elementor-widget-text-editor\" data-id=\"18bc1cdd\" data-element_type=\"widget\" data-settings=\"{&quot;ekit_we_effect_on&quot;:&quot;none&quot;}\" data-widget_type=\"text-editor.default\">\n\t\t\t\t<div class=\"elementor-widget-container\">\n\t\t\t\t\t\t\t\t\t<h3 style=\"text-align: center;\"><span class=\"te-badge\">3 Meses<\/span><\/h3><h4 class=\"te-desc\" style=\"text-align: center;\">Eres una versi\u00f3n m\u00e1s joven de t\u00ed mismo f\u00edsica y mentalmente. Te sientes con mucha energ\u00eda a todos los niveles. Sue\u00f1o m\u00e1s profundo, u\u00f1as m\u00e1s fuertes, piel m\u00e1s saludable.... Vitalidad y energ\u00eda.<\/h4>\t\t\t\t\t\t\t\t<\/div>\n\t\t\t\t<\/div>\n\t\t<div class=\"elementor-element elementor-element-792be920 e-grid e-con-full e-con e-child\" data-id=\"792be920\" data-element_type=\"container\" data-settings=\"{&quot;ekit_has_onepagescroll_dot&quot;:&quot;yes&quot;}\">\n\t\t\t\t<div class=\"elementor-element elementor-element-5ba6d0df elementor-widget elementor-widget-image\" data-id=\"5ba6d0df\" data-element_type=\"widget\" data-settings=\"{&quot;ekit_we_effect_on&quot;:&quot;none&quot;}\" data-widget_type=\"image.default\">\n\t\t\t\t<div class=\"elementor-widget-container\">\n\t\t\t\t\t\t\t\t\t\t\t\t\t\t\t<img loading=\"lazy\" decoding=\"async\" width=\"800\" height=\"800\" src=\"https:\/\/eclectics.shop\/wp-content\/uploads\/2026\/03\/0f972ff54c72442e976b664a8ea4d5b0_tplv-t5fjg24jzw-resize-jpeg_800_800-1.jpg\" class=\"attachment-full size-full wp-image-4511 wvs-archive-product-image\" alt=\"\" srcset=\"https:\/\/eclectics.shop\/wp-content\/uploads\/2026\/03\/0f972ff54c72442e976b664a8ea4d5b0_tplv-t5fjg24jzw-resize-jpeg_800_800-1.jpg 800w, https:\/\/eclectics.shop\/wp-content\/uploads\/2026\/03\/0f972ff54c72442e976b664a8ea4d5b0_tplv-t5fjg24jzw-resize-jpeg_800_800-1-300x300.jpg 300w, https:\/\/eclectics.shop\/wp-content\/uploads\/2026\/03\/0f972ff54c72442e976b664a8ea4d5b0_tplv-t5fjg24jzw-resize-jpeg_800_800-1-150x150.jpg 150w, https:\/\/eclectics.shop\/wp-content\/uploads\/2026\/03\/0f972ff54c72442e976b664a8ea4d5b0_tplv-t5fjg24jzw-resize-jpeg_800_800-1-768x768.jpg 768w, https:\/\/eclectics.shop\/wp-content\/uploads\/2026\/03\/0f972ff54c72442e976b664a8ea4d5b0_tplv-t5fjg24jzw-resize-jpeg_800_800-1-12x12.jpg 12w, https:\/\/eclectics.shop\/wp-content\/uploads\/2026\/03\/0f972ff54c72442e976b664a8ea4d5b0_tplv-t5fjg24jzw-resize-jpeg_800_800-1-110x110.jpg 110w, https:\/\/eclectics.shop\/wp-content\/uploads\/2026\/03\/0f972ff54c72442e976b664a8ea4d5b0_tplv-t5fjg24jzw-resize-jpeg_800_800-1-60x60.jpg 60w, https:\/\/eclectics.shop\/wp-content\/uploads\/2026\/03\/0f972ff54c72442e976b664a8ea4d5b0_tplv-t5fjg24jzw-resize-jpeg_800_800-1-600x600.jpg 600w, https:\/\/eclectics.shop\/wp-content\/uploads\/2026\/03\/0f972ff54c72442e976b664a8ea4d5b0_tplv-t5fjg24jzw-resize-jpeg_800_800-1-100x100.jpg 100w, https:\/\/eclectics.shop\/wp-content\/uploads\/2026\/03\/0f972ff54c72442e976b664a8ea4d5b0_tplv-t5fjg24jzw-resize-jpeg_800_800-1-50x50.jpg 50w\" sizes=\"(max-width: 800px) 100vw, 800px\" \/>\t\t\t\t\t\t\t\t\t\t\t\t\t\t\t<\/div>\n\t\t\t\t<\/div>\n\t\t\t\t<div class=\"elementor-element elementor-element-16f27c8d elementor-widget elementor-widget-image\" data-id=\"16f27c8d\" data-element_type=\"widget\" data-settings=\"{&quot;ekit_we_effect_on&quot;:&quot;none&quot;}\" data-widget_type=\"image.default\">\n\t\t\t\t<div class=\"elementor-widget-container\">\n\t\t\t\t\t\t\t\t\t\t\t\t\t\t\t<img loading=\"lazy\" decoding=\"async\" width=\"800\" height=\"800\" src=\"https:\/\/eclectics.shop\/wp-content\/uploads\/2026\/03\/1be53dea860d4a7d869b60041ffb1984_tplv-t5fjg24jzw-resize-jpeg_800_800-1.jpg\" class=\"attachment-full size-full wp-image-4512 wvs-archive-product-image\" alt=\"\" srcset=\"https:\/\/eclectics.shop\/wp-content\/uploads\/2026\/03\/1be53dea860d4a7d869b60041ffb1984_tplv-t5fjg24jzw-resize-jpeg_800_800-1.jpg 800w, https:\/\/eclectics.shop\/wp-content\/uploads\/2026\/03\/1be53dea860d4a7d869b60041ffb1984_tplv-t5fjg24jzw-resize-jpeg_800_800-1-300x300.jpg 300w, https:\/\/eclectics.shop\/wp-content\/uploads\/2026\/03\/1be53dea860d4a7d869b60041ffb1984_tplv-t5fjg24jzw-resize-jpeg_800_800-1-150x150.jpg 150w, https:\/\/eclectics.shop\/wp-content\/uploads\/2026\/03\/1be53dea860d4a7d869b60041ffb1984_tplv-t5fjg24jzw-resize-jpeg_800_800-1-768x768.jpg 768w, https:\/\/eclectics.shop\/wp-content\/uploads\/2026\/03\/1be53dea860d4a7d869b60041ffb1984_tplv-t5fjg24jzw-resize-jpeg_800_800-1-12x12.jpg 12w, https:\/\/eclectics.shop\/wp-content\/uploads\/2026\/03\/1be53dea860d4a7d869b60041ffb1984_tplv-t5fjg24jzw-resize-jpeg_800_800-1-110x110.jpg 110w, https:\/\/eclectics.shop\/wp-content\/uploads\/2026\/03\/1be53dea860d4a7d869b60041ffb1984_tplv-t5fjg24jzw-resize-jpeg_800_800-1-60x60.jpg 60w, https:\/\/eclectics.shop\/wp-content\/uploads\/2026\/03\/1be53dea860d4a7d869b60041ffb1984_tplv-t5fjg24jzw-resize-jpeg_800_800-1-600x600.jpg 600w, https:\/\/eclectics.shop\/wp-content\/uploads\/2026\/03\/1be53dea860d4a7d869b60041ffb1984_tplv-t5fjg24jzw-resize-jpeg_800_800-1-100x100.jpg 100w, https:\/\/eclectics.shop\/wp-content\/uploads\/2026\/03\/1be53dea860d4a7d869b60041ffb1984_tplv-t5fjg24jzw-resize-jpeg_800_800-1-50x50.jpg 50w\" sizes=\"(max-width: 800px) 100vw, 800px\" \/>\t\t\t\t\t\t\t\t\t\t\t\t\t\t\t<\/div>\n\t\t\t\t<\/div>\n\t\t\t\t<\/div>\n\t\t\t\t<div class=\"elementor-element elementor-element-4ecfbf2e elementor-widget elementor-widget-text-editor\" data-id=\"4ecfbf2e\" data-element_type=\"widget\" data-settings=\"{&quot;ekit_we_effect_on&quot;:&quot;none&quot;}\" data-widget_type=\"text-editor.default\">\n\t\t\t\t<div class=\"elementor-widget-container\">\n\t\t\t\t\t\t\t\t\t<!DOCTYPE html>\n<html>\n<head>\n    <style>\n        .spec-table {\n            width: 100%;\n            border-collapse: collapse;\n            font-family: Arial, sans-serif;\n        }\n        .spec-table tr {\n            border-bottom: 1px solid #000;\n        }\n        .spec-table td {\n            padding: 12px 0;\n            text-align: left;\n            vertical-align: top;\n        }\n        .spec-table td:first-child {\n            font-weight: bold;\n            width: 50%;\n        }\n        .certification-badge {\n            display: inline-block;\n            background-color: #e6ffe6;\n            border: 2px solid #28a745;\n            border-radius: 20px;\n            padding: 6px 14px;\n            font-weight: bold;\n            color: #155724;\n        }\n        .none-value {\n            color: #666;\n            font-style: italic;\n        }\n        .gender-tag {\n            display: inline-block;\n            background-color: #f0f8ff;\n            border: 1px solid #1e90ff;\n            border-radius: 20px;\n            padding: 6px 14px;\n            font-weight: bold;\n            color: #0066cc;\n        }\n        .use-tag {\n            display: inline-block;\n            background-color: #fff0f5;\n            border: 1px solid #ff69b4;\n            border-radius: 20px;\n            padding: 6px 14px;\n            font-weight: bold;\n            color: #8b0046;\n        }\n    <\/style>\n<\/head>\n<body>\n    <table class=\"spec-table\">\n        <tr>\n            <td>Especificaciones<\/td>\n            <td><\/td>\n        <\/tr>\n        <tr>\n            <td>Certificaci\u00f3n<\/td>\n            <td>\n                <span class=\"certification-badge\">CPNP<\/span>\n            <\/td>\n        <\/tr>\n        <tr>\n            <td>Sustancias qu\u00edmicas muy preocupantes<\/td>\n            <td class=\"none-value\">Ninguno<\/td>\n        <\/tr>\n        <tr>\n            <td>G\u00e9nero<\/td>\n            <td>\n                <span class=\"gender-tag\">Unisex<\/span>\n            <\/td>\n        <\/tr>\n        <tr>\n            <td>Utilice<\/td>\n            <td>\n                <span class=\"use-tag\">Cara<\/span>\n            <\/td>\n        <\/tr>\n    <\/table>\n<\/body>\n<\/html>\t\t\t\t\t\t\t\t<\/div>\n\t\t\t\t<\/div>\n\t\t\t\t\t<\/div>\n\t\t\t\t<\/div>\n\t\t\t\t<\/div>","protected":false},"excerpt":{"rendered":"<p>NO TODOS LOS SUPLEMENTOS QUE DICEN LLAMARSE NAD FUNCIONAN NAD+ m\u00e1s vendido en Tik Tok 5 componentes estrat\u00e9gicamente formulados para hacer sin\u00e9rgia. 100% Conservaci\u00f3n de los componentes con nuestro bote de cristal \u00e1mbar Resultados reales y duraderos TU L\u00cdNEA DEL TIEMPO ANTIENVEJECIMIENTO 1 Semana Puedes comenzar a sentir un aumento natural de energ\u00eda mientras NAD+ [&hellip;]<\/p>","protected":false},"featured_media":4501,"comment_status":"open","ping_status":"closed","template":"","meta":{"_acf_changed":false},"product_brand":[],"product_cat":[35],"product_tag":[],"class_list":{"0":"post-4500","1":"product","2":"type-product","3":"status-publish","4":"has-post-thumbnail","6":"product_cat-sale","8":"first","9":"instock","10":"sale","11":"shipping-taxable","12":"purchasable","13":"product-type-simple"},"acf":[],"_links":{"self":[{"href":"https:\/\/eclectics.shop\/es\/wp-json\/wp\/v2\/product\/4500","targetHints":{"allow":["GET"]}}],"collection":[{"href":"https:\/\/eclectics.shop\/es\/wp-json\/wp\/v2\/product"}],"about":[{"href":"https:\/\/eclectics.shop\/es\/wp-json\/wp\/v2\/types\/product"}],"replies":[{"embeddable":true,"href":"https:\/\/eclectics.shop\/es\/wp-json\/wp\/v2\/comments?post=4500"}],"version-history":[{"count":0,"href":"https:\/\/eclectics.shop\/es\/wp-json\/wp\/v2\/product\/4500\/revisions"}],"wp:featuredmedia":[{"embeddable":true,"href":"https:\/\/eclectics.shop\/es\/wp-json\/wp\/v2\/media\/4501"}],"wp:attachment":[{"href":"https:\/\/eclectics.shop\/es\/wp-json\/wp\/v2\/media?parent=4500"}],"wp:term":[{"taxonomy":"product_brand","embeddable":true,"href":"https:\/\/eclectics.shop\/es\/wp-json\/wp\/v2\/product_brand?post=4500"},{"taxonomy":"product_cat","embeddable":true,"href":"https:\/\/eclectics.shop\/es\/wp-json\/wp\/v2\/product_cat?post=4500"},{"taxonomy":"product_tag","embeddable":true,"href":"https:\/\/eclectics.shop\/es\/wp-json\/wp\/v2\/product_tag?post=4500"}],"curies":[{"name":"wp","href":"https:\/\/api.w.org\/{rel}","templated":true}]}}